{"id":12969,"date":"2024-05-24T13:40:35","date_gmt":"2024-05-24T13:40:35","guid":{"rendered":"https:\/\/www.b-grc.com\/?page_id=12969"},"modified":"2024-05-30T15:21:24","modified_gmt":"2024-05-30T15:21:24","slug":"b-grc-home-prueba","status":"publish","type":"page","link":"https:\/\/www.b-grc.com\/index.php\/b-grc-home-prueba\/","title":{"rendered":"B-GRC PRUEBAS GENERALES"},"content":{"rendered":"\t\t<div data-elementor-type=\"wp-page\" data-elementor-id=\"12969\" class=\"elementor elementor-12969\" data-elementor-post-type=\"page\">\n\t\t\t\t\t\t<section class=\"elementor-section elementor-top-section elementor-element elementor-element-c72d56d elementor-section-stretched elementor-section-boxed elementor-section-height-default elementor-section-height-default\" data-id=\"c72d56d\" data-element_type=\"section\" data-settings=\"{&quot;stretch_section&quot;:&quot;section-stretched&quot;,&quot;background_background&quot;:&quot;classic&quot;}\">\n\t\t\t\t\t\t<div class=\"elementor-container elementor-column-gap-default\">\n\t\t\t\t\t<div class=\"elementor-column elementor-col-50 elementor-top-column elementor-element elementor-element-5bf17d4\" data-id=\"5bf17d4\" data-element_type=\"column\">\n\t\t\t<div class=\"elementor-widget-wrap elementor-element-populated\">\n\t\t\t\t\t\t<div class=\"elementor-element elementor-element-bf01ad7 elementor-widget elementor-widget-image\" data-id=\"bf01ad7\" data-element_type=\"widget\" data-widget_type=\"image.default\">\n\t\t\t\t<div class=\"elementor-widget-container\">\n\t\t\t\t\t\t\t\t\t\t\t\t\t\t\t\t<a href=\"https:\/\/www.b-grc.com\/\">\n\t\t\t\t\t\t\t<img fetchpriority=\"high\" decoding=\"async\" width=\"2000\" height=\"824\" src=\"https:\/\/www.b-grc.com\/wp-content\/uploads\/2024\/05\/L1.png\" class=\"attachment-full size-full wp-image-12318\" alt=\"Logo B-GRC\" srcset=\"https:\/\/www.b-grc.com\/wp-content\/uploads\/2024\/05\/L1.png 2000w, https:\/\/www.b-grc.com\/wp-content\/uploads\/2024\/05\/L1-600x247.png 600w, https:\/\/www.b-grc.com\/wp-content\/uploads\/2024\/05\/L1-300x124.png 300w, https:\/\/www.b-grc.com\/wp-content\/uploads\/2024\/05\/L1-1024x422.png 1024w, https:\/\/www.b-grc.com\/wp-content\/uploads\/2024\/05\/L1-768x316.png 768w, https:\/\/www.b-grc.com\/wp-content\/uploads\/2024\/05\/L1-1536x633.png 1536w\" sizes=\"(max-width: 2000px) 100vw, 2000px\" \/>\t\t\t\t\t\t\t\t<\/a>\n\t\t\t\t\t\t\t\t\t\t\t\t\t\t\t<\/div>\n\t\t\t\t<\/div>\n\t\t\t\t\t<\/div>\n\t\t<\/div>\n\t\t\t\t<div class=\"elementor-column elementor-col-50 elementor-top-column elementor-element elementor-element-bd1dff7\" data-id=\"bd1dff7\" data-element_type=\"column\">\n\t\t\t<div class=\"elementor-widget-wrap\">\n\t\t\t\t\t\t\t<\/div>\n\t\t<\/div>\n\t\t\t\t\t<\/div>\n\t\t<\/section>\n\t\t\t\t<section class=\"elementor-section elementor-top-section elementor-element elementor-element-6cc6c00 elementor-section-height-full elementor-section-stretched elementor-section-boxed elementor-section-height-default elementor-section-items-middle\" data-id=\"6cc6c00\" data-element_type=\"section\" data-settings=\"{&quot;stretch_section&quot;:&quot;section-stretched&quot;}\">\n\t\t\t\t\t\t\t<div class=\"elementor-background-overlay\"><\/div>\n\t\t\t\t\t\t\t<div class=\"elementor-container elementor-column-gap-default\">\n\t\t\t\t\t<div class=\"elementor-column elementor-col-100 elementor-top-column elementor-element elementor-element-f5535e7\" data-id=\"f5535e7\" data-element_type=\"column\">\n\t\t\t<div class=\"elementor-widget-wrap elementor-element-populated\">\n\t\t\t\t\t\t<section class=\"elementor-section elementor-inner-section elementor-element elementor-element-c787d29 elementor-section-boxed elementor-section-height-default elementor-section-height-default\" data-id=\"c787d29\" data-element_type=\"section\">\n\t\t\t\t\t\t<div class=\"elementor-container elementor-column-gap-default\">\n\t\t\t\t\t<div class=\"elementor-column elementor-col-100 elementor-inner-column elementor-element elementor-element-8eb20a7\" data-id=\"8eb20a7\" data-element_type=\"column\">\n\t\t\t<div class=\"elementor-widget-wrap elementor-element-populated\">\n\t\t\t\t\t\t<div class=\"elementor-element elementor-element-cbe0e4a elementor-widget__width-initial elementor-widget elementor-widget-heading\" data-id=\"cbe0e4a\" data-element_type=\"widget\" data-widget_type=\"heading.default\">\n\t\t\t\t<div class=\"elementor-widget-container\">\n\t\t\t\t\t<h2 class=\"elementor-heading-title elementor-size-xl\">Solicita tu Sistema de Gesti\u00f3n de Riesgos Corporativos<\/h2>\t\t\t\t<\/div>\n\t\t\t\t<\/div>\n\t\t\t\t\t<\/div>\n\t\t<\/div>\n\t\t\t\t\t<\/div>\n\t\t<\/section>\n\t\t\t\t<section class=\"elementor-section elementor-inner-section elementor-element elementor-element-4351e14 elementor-section-boxed elementor-section-height-default elementor-section-height-default\" data-id=\"4351e14\" data-element_type=\"section\">\n\t\t\t\t\t\t<div class=\"elementor-container elementor-column-gap-default\">\n\t\t\t\t\t<div class=\"elementor-column elementor-col-100 elementor-inner-column elementor-element elementor-element-9ee406f\" data-id=\"9ee406f\" data-element_type=\"column\">\n\t\t\t<div class=\"elementor-widget-wrap elementor-element-populated\">\n\t\t\t\t\t\t<div class=\"elementor-element elementor-element-b77344f elementor-widget elementor-widget-text-editor\" data-id=\"b77344f\" data-element_type=\"widget\" data-widget_type=\"text-editor.default\">\n\t\t\t\t<div class=\"elementor-widget-container\">\n\t\t\t\t\t\t\t\t\t<p>Identifica, analiza, eval\u00faa, mitiga, supervisa y reporta el nivel de riesgos y mitigaci\u00f3n de los controles. Genera en l\u00ednea mapas de calor inherente, residual por dise\u00f1o de control y residual probado.<\/p>\t\t\t\t\t\t\t\t<\/div>\n\t\t\t\t<\/div>\n\t\t\t\t\t<\/div>\n\t\t<\/div>\n\t\t\t\t\t<\/div>\n\t\t<\/section>\n\t\t\t\t<section class=\"elementor-section elementor-inner-section elementor-element elementor-element-aa336d5 elementor-section-boxed elementor-section-height-default elementor-section-height-default\" data-id=\"aa336d5\" data-element_type=\"section\">\n\t\t\t\t\t\t<div class=\"elementor-container elementor-column-gap-default\">\n\t\t\t\t\t<div class=\"elementor-column elementor-col-100 elementor-inner-column elementor-element elementor-element-c9569e0\" data-id=\"c9569e0\" data-element_type=\"column\">\n\t\t\t<div class=\"elementor-widget-wrap\">\n\t\t\t\t\t\t\t<\/div>\n\t\t<\/div>\n\t\t\t\t\t<\/div>\n\t\t<\/section>\n\t\t\t\t\t<\/div>\n\t\t<\/div>\n\t\t\t\t\t<\/div>\n\t\t<\/section>\n\t\t\t\t<section class=\"elementor-section elementor-top-section elementor-element elementor-element-f6eba91 elementor-section-stretched elementor-section-boxed elementor-section-height-default elementor-section-height-default\" data-id=\"f6eba91\" data-element_type=\"section\" data-settings=\"{&quot;stretch_section&quot;:&quot;section-stretched&quot;}\">\n\t\t\t\t\t\t<div class=\"elementor-container elementor-column-gap-default\">\n\t\t\t\t\t<div class=\"elementor-column elementor-col-100 elementor-top-column elementor-element elementor-element-35c8336\" data-id=\"35c8336\" data-element_type=\"column\">\n\t\t\t<div class=\"elementor-widget-wrap elementor-element-populated\">\n\t\t\t\t\t\t<div class=\"elementor-element elementor-element-d30e822 elementor-widget elementor-widget-heading\" data-id=\"d30e822\" data-element_type=\"widget\" data-widget_type=\"heading.default\">\n\t\t\t\t<div class=\"elementor-widget-container\">\n\t\t\t\t\t<h2 class=\"elementor-heading-title elementor-size-default\">Cuenta con un Modelo de Prevenci\u00f3n de Delitos\nEfectivamente Implementado.<\/h2>\t\t\t\t<\/div>\n\t\t\t\t<\/div>\n\t\t\t\t\t<\/div>\n\t\t<\/div>\n\t\t\t\t\t<\/div>\n\t\t<\/section>\n\t\t\t\t<section class=\"elementor-section elementor-top-section elementor-element elementor-element-0fb9ebd elementor-section-full_width elementor-section-height-min-height elementor-section-stretched elementor-hidden-tablet elementor-hidden-mobile elementor-section-height-default elementor-section-items-middle\" data-id=\"0fb9ebd\" data-element_type=\"section\" data-settings=\"{&quot;stretch_section&quot;:&quot;section-stretched&quot;}\">\n\t\t\t\t\t\t\t<div class=\"elementor-background-overlay\"><\/div>\n\t\t\t\t\t\t\t<div class=\"elementor-container elementor-column-gap-default\">\n\t\t\t\t\t<div class=\"elementor-column elementor-col-100 elementor-top-column elementor-element elementor-element-7c7408d\" data-id=\"7c7408d\" data-element_type=\"column\">\n\t\t\t<div class=\"elementor-widget-wrap elementor-element-populated\">\n\t\t\t\t\t\t<div class=\"elementor-element elementor-element-6abfbe3 elementor-widget elementor-widget-image\" data-id=\"6abfbe3\" data-element_type=\"widget\" data-widget_type=\"image.default\">\n\t\t\t\t<div class=\"elementor-widget-container\">\n\t\t\t\t\t\t\t\t\t\t\t\t\t\t\t<img decoding=\"async\" width=\"2560\" height=\"1719\" src=\"https:\/\/www.b-grc.com\/wp-content\/uploads\/2024\/03\/Esquema-Modelo-de-Prevencion-de-Delitos-PNG@4x-8.png\" class=\"attachment-full size-full wp-image-8602\" alt=\"\" srcset=\"https:\/\/www.b-grc.com\/wp-content\/uploads\/2024\/03\/Esquema-Modelo-de-Prevencion-de-Delitos-PNG@4x-8.png 2560w, https:\/\/www.b-grc.com\/wp-content\/uploads\/2024\/03\/Esquema-Modelo-de-Prevencion-de-Delitos-PNG@4x-8-600x403.png 600w, https:\/\/www.b-grc.com\/wp-content\/uploads\/2024\/03\/Esquema-Modelo-de-Prevencion-de-Delitos-PNG@4x-8-300x201.png 300w, https:\/\/www.b-grc.com\/wp-content\/uploads\/2024\/03\/Esquema-Modelo-de-Prevencion-de-Delitos-PNG@4x-8-1024x687.png 1024w, https:\/\/www.b-grc.com\/wp-content\/uploads\/2024\/03\/Esquema-Modelo-de-Prevencion-de-Delitos-PNG@4x-8-768x516.png 768w, https:\/\/www.b-grc.com\/wp-content\/uploads\/2024\/03\/Esquema-Modelo-de-Prevencion-de-Delitos-PNG@4x-8-1536x1031.png 1536w, https:\/\/www.b-grc.com\/wp-content\/uploads\/2024\/03\/Esquema-Modelo-de-Prevencion-de-Delitos-PNG@4x-8-2048x1375.png 2048w\" sizes=\"(max-width: 2560px) 100vw, 2560px\" \/>\t\t\t\t\t\t\t\t\t\t\t\t\t\t\t<\/div>\n\t\t\t\t<\/div>\n\t\t\t\t\t<\/div>\n\t\t<\/div>\n\t\t\t\t\t<\/div>\n\t\t<\/section>\n\t\t\t\t<\/div>\n\t\t","protected":false},"excerpt":{"rendered":"<p>Riesgos Cumplimiento Auditor\u00eda Compa\u00f1\u00eda Empresa Eventos Denuncias Privacidad Acceso Riesgos Cumplimiento Auditor\u00eda Compa\u00f1\u00eda Empresa Eventos Denuncias Privacidad Acceso Riesgos Cumplimiento Auditor\u00eda Compa\u00f1\u00eda Riesgos Cumplimiento Auditor\u00eda Compa\u00f1\u00eda Solicita tu Sistema de Gesti\u00f3n de Riesgos Corporativos Identifica, analiza, eval\u00faa, mitiga, supervisa y reporta el nivel de riesgos y mitigaci\u00f3n de los controles. Genera en l\u00ednea mapas de [&hellip;]<\/p>\n","protected":false},"author":2,"featured_media":0,"parent":0,"menu_order":0,"comment_status":"open","ping_status":"closed","template":"","meta":{"footnotes":""},"yoast_head":"<!-- This site is optimized with the Yoast SEO plugin v24.2 - https:\/\/yoast.com\/wordpress\/plugins\/seo\/ -->\n<title>B-GRC PRUEBAS GENERALES<\/title>\n<meta name=\"description\" content=\"Servicio de Software para Gerentes de Riesgos, Responsables de Cumplimiento y Auditores Internos.\" \/>\n<meta name=\"robots\" content=\"index, follow, max-snippet:-1, max-image-preview:large, max-video-preview:-1\" \/>\n<link rel=\"canonical\" href=\"https:\/\/www.b-grc.com\/index.php\/b-grc-home-prueba\/\" \/>\n<meta property=\"og:locale\" content=\"es_ES\" \/>\n<meta property=\"og:type\" content=\"article\" \/>\n<meta property=\"og:title\" content=\"B-GRC PRUEBAS GENERALES\" \/>\n<meta property=\"og:description\" content=\"Servicio de Software para Gerentes de Riesgos, Responsables de Cumplimiento y Auditores Internos.\" \/>\n<meta property=\"og:url\" content=\"https:\/\/www.b-grc.com\/index.php\/b-grc-home-prueba\/\" \/>\n<meta property=\"og:site_name\" content=\"B-GRC\" \/>\n<meta property=\"article:publisher\" content=\"https:\/\/www.facebook.com\/somosbgrc\" \/>\n<meta property=\"article:modified_time\" content=\"2024-05-30T15:21:24+00:00\" \/>\n<meta property=\"og:image\" content=\"https:\/\/www.b-grc.com\/wp-content\/uploads\/2024\/05\/L1.png\" \/>\n<meta name=\"twitter:card\" content=\"summary_large_image\" \/>\n<meta name=\"twitter:label1\" content=\"Tiempo de lectura\" \/>\n\t<meta name=\"twitter:data1\" content=\"1 minuto\" \/>\n<script type=\"application\/ld+json\" class=\"yoast-schema-graph\">{\"@context\":\"https:\/\/schema.org\",\"@graph\":[{\"@type\":\"WebPage\",\"@id\":\"https:\/\/www.b-grc.com\/index.php\/b-grc-home-prueba\/\",\"url\":\"https:\/\/www.b-grc.com\/index.php\/b-grc-home-prueba\/\",\"name\":\"B-GRC PRUEBAS GENERALES\",\"isPartOf\":{\"@id\":\"https:\/\/www.b-grc.com\/#website\"},\"primaryImageOfPage\":{\"@id\":\"https:\/\/www.b-grc.com\/index.php\/b-grc-home-prueba\/#primaryimage\"},\"image\":{\"@id\":\"https:\/\/www.b-grc.com\/index.php\/b-grc-home-prueba\/#primaryimage\"},\"thumbnailUrl\":\"https:\/\/www.b-grc.com\/wp-content\/uploads\/2024\/05\/L1.png\",\"datePublished\":\"2024-05-24T13:40:35+00:00\",\"dateModified\":\"2024-05-30T15:21:24+00:00\",\"description\":\"Servicio de Software para Gerentes de Riesgos, Responsables de Cumplimiento y Auditores Internos.\",\"breadcrumb\":{\"@id\":\"https:\/\/www.b-grc.com\/index.php\/b-grc-home-prueba\/#breadcrumb\"},\"inLanguage\":\"es\",\"potentialAction\":[{\"@type\":\"ReadAction\",\"target\":[\"https:\/\/www.b-grc.com\/index.php\/b-grc-home-prueba\/\"]}]},{\"@type\":\"ImageObject\",\"inLanguage\":\"es\",\"@id\":\"https:\/\/www.b-grc.com\/index.php\/b-grc-home-prueba\/#primaryimage\",\"url\":\"https:\/\/www.b-grc.com\/wp-content\/uploads\/2024\/05\/L1.png\",\"contentUrl\":\"https:\/\/www.b-grc.com\/wp-content\/uploads\/2024\/05\/L1.png\",\"width\":2000,\"height\":824,\"caption\":\"Logo B-GRC\"},{\"@type\":\"BreadcrumbList\",\"@id\":\"https:\/\/www.b-grc.com\/index.php\/b-grc-home-prueba\/#breadcrumb\",\"itemListElement\":[{\"@type\":\"ListItem\",\"position\":1,\"name\":\"Portada\",\"item\":\"https:\/\/www.b-grc.com\/\"},{\"@type\":\"ListItem\",\"position\":2,\"name\":\"B-GRC PRUEBAS GENERALES\"}]},{\"@type\":\"WebSite\",\"@id\":\"https:\/\/www.b-grc.com\/#website\",\"url\":\"https:\/\/www.b-grc.com\/\",\"name\":\"B-GRC\",\"description\":\"B-GRC Sistema de Riesgos, Cumplimiento y Auditor\u00eda\",\"publisher\":{\"@id\":\"https:\/\/www.b-grc.com\/#organization\"},\"alternateName\":\"B-GRC\",\"potentialAction\":[{\"@type\":\"SearchAction\",\"target\":{\"@type\":\"EntryPoint\",\"urlTemplate\":\"https:\/\/www.b-grc.com\/?s={search_term_string}\"},\"query-input\":{\"@type\":\"PropertyValueSpecification\",\"valueRequired\":true,\"valueName\":\"search_term_string\"}}],\"inLanguage\":\"es\"},{\"@type\":\"Organization\",\"@id\":\"https:\/\/www.b-grc.com\/#organization\",\"name\":\"B-GRC\",\"url\":\"https:\/\/www.b-grc.com\/\",\"logo\":{\"@type\":\"ImageObject\",\"inLanguage\":\"es\",\"@id\":\"https:\/\/www.b-grc.com\/#\/schema\/logo\/image\/\",\"url\":\"https:\/\/www.b-grc.com\/wp-content\/uploads\/2022\/08\/cropped-cropped-cropped-cropped-L3.png\",\"contentUrl\":\"https:\/\/www.b-grc.com\/wp-content\/uploads\/2022\/08\/cropped-cropped-cropped-cropped-L3.png\",\"width\":1677,\"height\":656,\"caption\":\"B-GRC\"},\"image\":{\"@id\":\"https:\/\/www.b-grc.com\/#\/schema\/logo\/image\/\"},\"sameAs\":[\"https:\/\/www.facebook.com\/somosbgrc\",\"https:\/\/www.linkedin.com\/company\/somosbgrc\",\"https:\/\/www.instagram.com\/somosbgrc\/\",\"https:\/\/www.youtube.com\/@somosb-grc\"]}]}<\/script>\n<!-- \/ Yoast SEO plugin. -->","yoast_head_json":{"title":"B-GRC PRUEBAS GENERALES","description":"Servicio de Software para Gerentes de Riesgos, Responsables de Cumplimiento y Auditores Internos.","robots":{"index":"index","follow":"follow","max-snippet":"max-snippet:-1","max-image-preview":"max-image-preview:large","max-video-preview":"max-video-preview:-1"},"canonical":"https:\/\/www.b-grc.com\/index.php\/b-grc-home-prueba\/","og_locale":"es_ES","og_type":"article","og_title":"B-GRC PRUEBAS GENERALES","og_description":"Servicio de Software para Gerentes de Riesgos, Responsables de Cumplimiento y Auditores Internos.","og_url":"https:\/\/www.b-grc.com\/index.php\/b-grc-home-prueba\/","og_site_name":"B-GRC","article_publisher":"https:\/\/www.facebook.com\/somosbgrc","article_modified_time":"2024-05-30T15:21:24+00:00","og_image":[{"url":"https:\/\/www.b-grc.com\/wp-content\/uploads\/2024\/05\/L1.png","type":"","width":"","height":""}],"twitter_card":"summary_large_image","twitter_misc":{"Tiempo de lectura":"1 minuto"},"schema":{"@context":"https:\/\/schema.org","@graph":[{"@type":"WebPage","@id":"https:\/\/www.b-grc.com\/index.php\/b-grc-home-prueba\/","url":"https:\/\/www.b-grc.com\/index.php\/b-grc-home-prueba\/","name":"B-GRC PRUEBAS GENERALES","isPartOf":{"@id":"https:\/\/www.b-grc.com\/#website"},"primaryImageOfPage":{"@id":"https:\/\/www.b-grc.com\/index.php\/b-grc-home-prueba\/#primaryimage"},"image":{"@id":"https:\/\/www.b-grc.com\/index.php\/b-grc-home-prueba\/#primaryimage"},"thumbnailUrl":"https:\/\/www.b-grc.com\/wp-content\/uploads\/2024\/05\/L1.png","datePublished":"2024-05-24T13:40:35+00:00","dateModified":"2024-05-30T15:21:24+00:00","description":"Servicio de Software para Gerentes de Riesgos, Responsables de Cumplimiento y Auditores Internos.","breadcrumb":{"@id":"https:\/\/www.b-grc.com\/index.php\/b-grc-home-prueba\/#breadcrumb"},"inLanguage":"es","potentialAction":[{"@type":"ReadAction","target":["https:\/\/www.b-grc.com\/index.php\/b-grc-home-prueba\/"]}]},{"@type":"ImageObject","inLanguage":"es","@id":"https:\/\/www.b-grc.com\/index.php\/b-grc-home-prueba\/#primaryimage","url":"https:\/\/www.b-grc.com\/wp-content\/uploads\/2024\/05\/L1.png","contentUrl":"https:\/\/www.b-grc.com\/wp-content\/uploads\/2024\/05\/L1.png","width":2000,"height":824,"caption":"Logo B-GRC"},{"@type":"BreadcrumbList","@id":"https:\/\/www.b-grc.com\/index.php\/b-grc-home-prueba\/#breadcrumb","itemListElement":[{"@type":"ListItem","position":1,"name":"Portada","item":"https:\/\/www.b-grc.com\/"},{"@type":"ListItem","position":2,"name":"B-GRC PRUEBAS GENERALES"}]},{"@type":"WebSite","@id":"https:\/\/www.b-grc.com\/#website","url":"https:\/\/www.b-grc.com\/","name":"B-GRC","description":"B-GRC Sistema de Riesgos, Cumplimiento y Auditor\u00eda","publisher":{"@id":"https:\/\/www.b-grc.com\/#organization"},"alternateName":"B-GRC","potentialAction":[{"@type":"SearchAction","target":{"@type":"EntryPoint","urlTemplate":"https:\/\/www.b-grc.com\/?s={search_term_string}"},"query-input":{"@type":"PropertyValueSpecification","valueRequired":true,"valueName":"search_term_string"}}],"inLanguage":"es"},{"@type":"Organization","@id":"https:\/\/www.b-grc.com\/#organization","name":"B-GRC","url":"https:\/\/www.b-grc.com\/","logo":{"@type":"ImageObject","inLanguage":"es","@id":"https:\/\/www.b-grc.com\/#\/schema\/logo\/image\/","url":"https:\/\/www.b-grc.com\/wp-content\/uploads\/2022\/08\/cropped-cropped-cropped-cropped-L3.png","contentUrl":"https:\/\/www.b-grc.com\/wp-content\/uploads\/2022\/08\/cropped-cropped-cropped-cropped-L3.png","width":1677,"height":656,"caption":"B-GRC"},"image":{"@id":"https:\/\/www.b-grc.com\/#\/schema\/logo\/image\/"},"sameAs":["https:\/\/www.facebook.com\/somosbgrc","https:\/\/www.linkedin.com\/company\/somosbgrc","https:\/\/www.instagram.com\/somosbgrc\/","https:\/\/www.youtube.com\/@somosb-grc"]}]}},"_links":{"self":[{"href":"https:\/\/www.b-grc.com\/index.php\/wp-json\/wp\/v2\/pages\/12969"}],"collection":[{"href":"https:\/\/www.b-grc.com\/index.php\/wp-json\/wp\/v2\/pages"}],"about":[{"href":"https:\/\/www.b-grc.com\/index.php\/wp-json\/wp\/v2\/types\/page"}],"author":[{"embeddable":true,"href":"https:\/\/www.b-grc.com\/index.php\/wp-json\/wp\/v2\/users\/2"}],"replies":[{"embeddable":true,"href":"https:\/\/www.b-grc.com\/index.php\/wp-json\/wp\/v2\/comments?post=12969"}],"version-history":[{"count":406,"href":"https:\/\/www.b-grc.com\/index.php\/wp-json\/wp\/v2\/pages\/12969\/revisions"}],"predecessor-version":[{"id":14968,"href":"https:\/\/www.b-grc.com\/index.php\/wp-json\/wp\/v2\/pages\/12969\/revisions\/14968"}],"wp:attachment":[{"href":"https:\/\/www.b-grc.com\/index.php\/wp-json\/wp\/v2\/media?parent=12969"}],"curies":[{"name":"wp","href":"https:\/\/api.w.org\/{rel}","templated":true}]}}