{"id":1736,"date":"2020-06-16T01:27:20","date_gmt":"2020-06-16T01:27:20","guid":{"rendered":"https:\/\/www.b-grc.com\/?page_id=1736"},"modified":"2020-06-16T04:02:33","modified_gmt":"2020-06-16T04:02:33","slug":"politicas-de-privacidad","status":"publish","type":"page","link":"https:\/\/www.b-grc.com\/index.php\/politicas-de-privacidad\/","title":{"rendered":"Pol\u00edticas de Privacidad"},"content":{"rendered":"\t\t<div data-elementor-type=\"wp-page\" data-elementor-id=\"1736\" class=\"elementor elementor-1736\" data-elementor-post-type=\"page\">\n\t\t\t\t\t\t<section class=\"elementor-section elementor-top-section elementor-element elementor-element-9b0b4f4 elementor-section-boxed elementor-section-height-default elementor-section-height-default\" data-id=\"9b0b4f4\" data-element_type=\"section\">\n\t\t\t\t\t\t<div class=\"elementor-container elementor-column-gap-default\">\n\t\t\t\t\t<div class=\"elementor-column elementor-col-100 elementor-top-column elementor-element elementor-element-474d585\" data-id=\"474d585\" data-element_type=\"column\">\n\t\t\t<div class=\"elementor-widget-wrap elementor-element-populated\">\n\t\t\t\t\t\t<div class=\"elementor-element elementor-element-4b206f2 elementor-widget elementor-widget-heading\" data-id=\"4b206f2\" data-element_type=\"widget\" data-widget_type=\"heading.default\">\n\t\t\t\t<div class=\"elementor-widget-container\">\n\t\t\t\t\t<h2 class=\"elementor-heading-title elementor-size-default\">Pol\u00edticas de Privacidad<\/h2>\t\t\t\t<\/div>\n\t\t\t\t<\/div>\n\t\t\t\t\t<\/div>\n\t\t<\/div>\n\t\t\t\t\t<\/div>\n\t\t<\/section>\n\t\t\t\t<section class=\"elementor-section elementor-top-section elementor-element elementor-element-263a965 elementor-section-boxed elementor-section-height-default elementor-section-height-default\" data-id=\"263a965\" data-element_type=\"section\">\n\t\t\t\t\t\t<div class=\"elementor-container elementor-column-gap-default\">\n\t\t\t\t\t<div class=\"elementor-column elementor-col-100 elementor-top-column elementor-element elementor-element-a14dd39\" data-id=\"a14dd39\" data-element_type=\"column\">\n\t\t\t<div class=\"elementor-widget-wrap elementor-element-populated\">\n\t\t\t\t\t\t<div class=\"elementor-element elementor-element-ddd5d0b elementor-widget elementor-widget-text-editor\" data-id=\"ddd5d0b\" data-element_type=\"widget\" data-widget_type=\"text-editor.default\">\n\t\t\t\t<div class=\"elementor-widget-container\">\n\t\t\t\t\t\t\t\t\t<p>El presente Pol\u00edtica de Privacidad establece los t\u00e9rminos en que&nbsp;<strong>IT APPS BUSINESS SOLUTIONS SPA&nbsp;<\/strong>usa y protege la informaci\u00f3n que es proporcionada por sus usuarios al momento proporcionarnos informaci\u00f3n por cualquiera de nuestros medios de contacto. Esta compa\u00f1\u00eda est\u00e1 comprometida con la seguridad de los datos de sus usuarios. Cuando le pedimos llenar los campos de informaci\u00f3n personal con la cual usted pueda ser identificado, lo hacemos asegurando que s\u00f3lo se emplear\u00e1 de acuerdo con los t\u00e9rminos de este documento. Sin embargo, esta Pol\u00edtica de Privacidad puede cambiar con el tiempo o ser actualizada por lo que le recomendamos y enfatizamos revisar continuamente esta p\u00e1gina para asegurarse que est\u00e1 de acuerdo con dichos cambios.<\/p>\n<p><\/p>\n<p>La presente Pol\u00edtica de Privacidad describe qu\u00e9 informaci\u00f3n personal podemos recopilar, por qu\u00e9 la usamos y, en general, los procesos y las formas en que podemos tratarla.<\/p>\n<p>Al proporcionarnos sus datos personales, reconoce expresamente que podemos usarla de la forma establecida en esta Pol\u00edtica de Privacidad. Consentir todos los tratamientos nos permitir\u00e1 ofrecerle un servicio lo m\u00e1s adaptado posible a sus necesidades. A\u00fan as\u00ed, le informamos de que puede optar por limitar los tratamientos de su elecci\u00f3n, siempre y cuando no resulten necesarios para la ejecuci\u00f3n del contrato, prevalezca un inter\u00e9s leg\u00edtimo del responsable o respondan a una obligaci\u00f3n legal.<\/p>\n<p>Si facilita informaci\u00f3n personal de otras personas para alguno de nuestros servicios o si es una persona de contacto de una Empresa y est\u00e1 proporcionando informaci\u00f3n personal sobre empleados y\/o contactos alternativos, debe garantizar que ha comunicado a los mismos la presente Pol\u00edtica de Privacidad y que tiene su permiso para compartir su informaci\u00f3n con nosotros.<\/p>\n<p><strong>Tratamiento de los datos personales<\/strong><\/p>\n<p>Los datos personales aportados de forma voluntaria a trav\u00e9s de cualquier medio, ser\u00e1n incorporados a los Registros de las actividades de tratamiento titularidad de&nbsp;<strong>IT APPS BUSINESS SOLUTIONS SPA<\/strong>, con las siguientes finalidades:<\/p>\n<ul>\n<li>La tramitaci\u00f3n y gesti\u00f3n de la solicitud de informaci\u00f3n y\/o asesoramiento a trav\u00e9s de este sitio, por tel\u00e9fono o por correo electr\u00f3nico.<\/li>\n<li>Prestar los servicios incluidos en el Sitio Web y\/o facilitar la informaci\u00f3n solicitada, ya sea v\u00eda web, por correo electr\u00f3nico o telef\u00f3nicamente.<\/li>\n<li>Gestionar la relaci\u00f3n contractual o comercial establecida entre&nbsp;<strong>IT APPS BUSINESS SOLUTIONS SPA<\/strong>, y los Usuarios y\/o Clientes.<\/li>\n<li>Gestionar el cumplimiento de las obligaciones contractuales o extracontractuales asumidas por&nbsp;<strong>IT APPS BUSINESS SOLUTIONS SPA<\/strong>.<\/li>\n<li>Para el env\u00edo de boletines, publicidad y hacerle sugerencias y recomendaciones sobre productos, servicios u ofertas directamente relacionadas que pueden interesarle. Siempre y cuando sea aprobado previamente por usted el env\u00edo de esta informaci\u00f3n.<\/li>\n<\/ul>\n<p><strong>Env\u00edo de boletines o informaci\u00f3n sobre eventos<\/strong><\/p>\n<p>Nos comprometemos a enviarle boletines \u00fanicamente cuando haya expresado su inter\u00e9s en recibirlos. Dichos boletines relativos a noticias del sector pueden incluir, asimismo, informaci\u00f3n relacionada con servicios, productos o eventos, que creemos que pueden ser de su inter\u00e9s.<\/p>\n<p>Puede solicitar gratuitamente y en cualquier momento que dejemos de enviarle boletines, comunic\u00e1ndolo a&nbsp;clientes@b-grc.com.<\/p>\n<p>La baja para la recepci\u00f3n de boletines no implicar\u00e1 la supresi\u00f3n de los datos personales proporcionados como resultado de la contrataci\u00f3n de un producto o servicio u otras transacciones.<\/p>\t\t\t\t\t\t\t\t<\/div>\n\t\t\t\t<\/div>\n\t\t\t\t\t<\/div>\n\t\t<\/div>\n\t\t\t\t\t<\/div>\n\t\t<\/section>\n\t\t\t\t<\/div>\n\t\t","protected":false},"excerpt":{"rendered":"<p>Pol\u00edticas de Privacidad El presente Pol\u00edtica de Privacidad establece los t\u00e9rminos en que&nbsp;IT APPS BUSINESS SOLUTIONS SPA&nbsp;usa y protege la informaci\u00f3n que es proporcionada por sus usuarios al momento proporcionarnos informaci\u00f3n por cualquiera de nuestros medios de contacto. Esta compa\u00f1\u00eda est\u00e1 comprometida con la seguridad de los datos de sus usuarios. Cuando le pedimos llenar [&hellip;]<\/p>\n","protected":false},"author":1,"featured_media":0,"parent":0,"menu_order":0,"comment_status":"closed","ping_status":"closed","template":"","meta":{"footnotes":""},"yoast_head":"<!-- This site is optimized with the Yoast SEO plugin v24.2 - https:\/\/yoast.com\/wordpress\/plugins\/seo\/ -->\n<title>Pol\u00edticas de Privacidad<\/title>\n<meta name=\"description\" content=\"Servicio de Software para Gerentes de Riesgos, Responsables de Cumplimiento y Auditores Internos.\" \/>\n<meta name=\"robots\" content=\"index, follow, max-snippet:-1, max-image-preview:large, max-video-preview:-1\" \/>\n<link rel=\"canonical\" href=\"https:\/\/www.b-grc.com\/index.php\/politicas-de-privacidad\/\" \/>\n<meta property=\"og:locale\" content=\"es_ES\" \/>\n<meta property=\"og:type\" content=\"article\" \/>\n<meta property=\"og:title\" content=\"Pol\u00edticas de Privacidad\" \/>\n<meta property=\"og:description\" content=\"Servicio de Software para Gerentes de Riesgos, Responsables de Cumplimiento y Auditores Internos.\" \/>\n<meta property=\"og:url\" content=\"https:\/\/www.b-grc.com\/index.php\/politicas-de-privacidad\/\" \/>\n<meta property=\"og:site_name\" content=\"B-GRC\" \/>\n<meta property=\"article:publisher\" content=\"https:\/\/www.facebook.com\/somosbgrc\" \/>\n<meta property=\"article:modified_time\" content=\"2020-06-16T04:02:33+00:00\" \/>\n<meta property=\"og:image\" content=\"https:\/\/www.b-grc.com\/wp-content\/uploads\/2024\/05\/L3.png\" \/>\n\t<meta property=\"og:image:width\" content=\"2000\" \/>\n\t<meta property=\"og:image:height\" content=\"824\" \/>\n\t<meta property=\"og:image:type\" content=\"image\/png\" \/>\n<meta name=\"twitter:card\" content=\"summary_large_image\" \/>\n<meta name=\"twitter:label1\" content=\"Tiempo de lectura\" \/>\n\t<meta name=\"twitter:data1\" content=\"3 minutos\" \/>\n<script type=\"application\/ld+json\" class=\"yoast-schema-graph\">{\"@context\":\"https:\/\/schema.org\",\"@graph\":[{\"@type\":\"WebPage\",\"@id\":\"https:\/\/www.b-grc.com\/index.php\/politicas-de-privacidad\/\",\"url\":\"https:\/\/www.b-grc.com\/index.php\/politicas-de-privacidad\/\",\"name\":\"Pol\u00edticas de Privacidad\",\"isPartOf\":{\"@id\":\"https:\/\/www.b-grc.com\/#website\"},\"datePublished\":\"2020-06-16T01:27:20+00:00\",\"dateModified\":\"2020-06-16T04:02:33+00:00\",\"description\":\"Servicio de Software para Gerentes de Riesgos, Responsables de Cumplimiento y Auditores Internos.\",\"breadcrumb\":{\"@id\":\"https:\/\/www.b-grc.com\/index.php\/politicas-de-privacidad\/#breadcrumb\"},\"inLanguage\":\"es\",\"potentialAction\":[{\"@type\":\"ReadAction\",\"target\":[\"https:\/\/www.b-grc.com\/index.php\/politicas-de-privacidad\/\"]}]},{\"@type\":\"BreadcrumbList\",\"@id\":\"https:\/\/www.b-grc.com\/index.php\/politicas-de-privacidad\/#breadcrumb\",\"itemListElement\":[{\"@type\":\"ListItem\",\"position\":1,\"name\":\"Portada\",\"item\":\"https:\/\/www.b-grc.com\/\"},{\"@type\":\"ListItem\",\"position\":2,\"name\":\"Pol\u00edticas de Privacidad\"}]},{\"@type\":\"WebSite\",\"@id\":\"https:\/\/www.b-grc.com\/#website\",\"url\":\"https:\/\/www.b-grc.com\/\",\"name\":\"B-GRC\",\"description\":\"B-GRC Sistema de Riesgos, Cumplimiento y Auditor\u00eda\",\"publisher\":{\"@id\":\"https:\/\/www.b-grc.com\/#organization\"},\"alternateName\":\"B-GRC\",\"potentialAction\":[{\"@type\":\"SearchAction\",\"target\":{\"@type\":\"EntryPoint\",\"urlTemplate\":\"https:\/\/www.b-grc.com\/?s={search_term_string}\"},\"query-input\":{\"@type\":\"PropertyValueSpecification\",\"valueRequired\":true,\"valueName\":\"search_term_string\"}}],\"inLanguage\":\"es\"},{\"@type\":\"Organization\",\"@id\":\"https:\/\/www.b-grc.com\/#organization\",\"name\":\"B-GRC\",\"url\":\"https:\/\/www.b-grc.com\/\",\"logo\":{\"@type\":\"ImageObject\",\"inLanguage\":\"es\",\"@id\":\"https:\/\/www.b-grc.com\/#\/schema\/logo\/image\/\",\"url\":\"https:\/\/www.b-grc.com\/wp-content\/uploads\/2022\/08\/cropped-cropped-cropped-cropped-L3.png\",\"contentUrl\":\"https:\/\/www.b-grc.com\/wp-content\/uploads\/2022\/08\/cropped-cropped-cropped-cropped-L3.png\",\"width\":1677,\"height\":656,\"caption\":\"B-GRC\"},\"image\":{\"@id\":\"https:\/\/www.b-grc.com\/#\/schema\/logo\/image\/\"},\"sameAs\":[\"https:\/\/www.facebook.com\/somosbgrc\",\"https:\/\/www.linkedin.com\/company\/somosbgrc\",\"https:\/\/www.instagram.com\/somosbgrc\/\",\"https:\/\/www.youtube.com\/@somosb-grc\"]}]}<\/script>\n<!-- \/ Yoast SEO plugin. -->","yoast_head_json":{"title":"Pol\u00edticas de Privacidad","description":"Servicio de Software para Gerentes de Riesgos, Responsables de Cumplimiento y Auditores Internos.","robots":{"index":"index","follow":"follow","max-snippet":"max-snippet:-1","max-image-preview":"max-image-preview:large","max-video-preview":"max-video-preview:-1"},"canonical":"https:\/\/www.b-grc.com\/index.php\/politicas-de-privacidad\/","og_locale":"es_ES","og_type":"article","og_title":"Pol\u00edticas de Privacidad","og_description":"Servicio de Software para Gerentes de Riesgos, Responsables de Cumplimiento y Auditores Internos.","og_url":"https:\/\/www.b-grc.com\/index.php\/politicas-de-privacidad\/","og_site_name":"B-GRC","article_publisher":"https:\/\/www.facebook.com\/somosbgrc","article_modified_time":"2020-06-16T04:02:33+00:00","og_image":[{"width":2000,"height":824,"url":"https:\/\/www.b-grc.com\/wp-content\/uploads\/2024\/05\/L3.png","type":"image\/png"}],"twitter_card":"summary_large_image","twitter_misc":{"Tiempo de lectura":"3 minutos"},"schema":{"@context":"https:\/\/schema.org","@graph":[{"@type":"WebPage","@id":"https:\/\/www.b-grc.com\/index.php\/politicas-de-privacidad\/","url":"https:\/\/www.b-grc.com\/index.php\/politicas-de-privacidad\/","name":"Pol\u00edticas de Privacidad","isPartOf":{"@id":"https:\/\/www.b-grc.com\/#website"},"datePublished":"2020-06-16T01:27:20+00:00","dateModified":"2020-06-16T04:02:33+00:00","description":"Servicio de Software para Gerentes de Riesgos, Responsables de Cumplimiento y Auditores Internos.","breadcrumb":{"@id":"https:\/\/www.b-grc.com\/index.php\/politicas-de-privacidad\/#breadcrumb"},"inLanguage":"es","potentialAction":[{"@type":"ReadAction","target":["https:\/\/www.b-grc.com\/index.php\/politicas-de-privacidad\/"]}]},{"@type":"BreadcrumbList","@id":"https:\/\/www.b-grc.com\/index.php\/politicas-de-privacidad\/#breadcrumb","itemListElement":[{"@type":"ListItem","position":1,"name":"Portada","item":"https:\/\/www.b-grc.com\/"},{"@type":"ListItem","position":2,"name":"Pol\u00edticas de Privacidad"}]},{"@type":"WebSite","@id":"https:\/\/www.b-grc.com\/#website","url":"https:\/\/www.b-grc.com\/","name":"B-GRC","description":"B-GRC Sistema de Riesgos, Cumplimiento y Auditor\u00eda","publisher":{"@id":"https:\/\/www.b-grc.com\/#organization"},"alternateName":"B-GRC","potentialAction":[{"@type":"SearchAction","target":{"@type":"EntryPoint","urlTemplate":"https:\/\/www.b-grc.com\/?s={search_term_string}"},"query-input":{"@type":"PropertyValueSpecification","valueRequired":true,"valueName":"search_term_string"}}],"inLanguage":"es"},{"@type":"Organization","@id":"https:\/\/www.b-grc.com\/#organization","name":"B-GRC","url":"https:\/\/www.b-grc.com\/","logo":{"@type":"ImageObject","inLanguage":"es","@id":"https:\/\/www.b-grc.com\/#\/schema\/logo\/image\/","url":"https:\/\/www.b-grc.com\/wp-content\/uploads\/2022\/08\/cropped-cropped-cropped-cropped-L3.png","contentUrl":"https:\/\/www.b-grc.com\/wp-content\/uploads\/2022\/08\/cropped-cropped-cropped-cropped-L3.png","width":1677,"height":656,"caption":"B-GRC"},"image":{"@id":"https:\/\/www.b-grc.com\/#\/schema\/logo\/image\/"},"sameAs":["https:\/\/www.facebook.com\/somosbgrc","https:\/\/www.linkedin.com\/company\/somosbgrc","https:\/\/www.instagram.com\/somosbgrc\/","https:\/\/www.youtube.com\/@somosb-grc"]}]}},"_links":{"self":[{"href":"https:\/\/www.b-grc.com\/index.php\/wp-json\/wp\/v2\/pages\/1736"}],"collection":[{"href":"https:\/\/www.b-grc.com\/index.php\/wp-json\/wp\/v2\/pages"}],"about":[{"href":"https:\/\/www.b-grc.com\/index.php\/wp-json\/wp\/v2\/types\/page"}],"author":[{"embeddable":true,"href":"https:\/\/www.b-grc.com\/index.php\/wp-json\/wp\/v2\/users\/1"}],"replies":[{"embeddable":true,"href":"https:\/\/www.b-grc.com\/index.php\/wp-json\/wp\/v2\/comments?post=1736"}],"version-history":[{"count":4,"href":"https:\/\/www.b-grc.com\/index.php\/wp-json\/wp\/v2\/pages\/1736\/revisions"}],"predecessor-version":[{"id":1747,"href":"https:\/\/www.b-grc.com\/index.php\/wp-json\/wp\/v2\/pages\/1736\/revisions\/1747"}],"wp:attachment":[{"href":"https:\/\/www.b-grc.com\/index.php\/wp-json\/wp\/v2\/media?parent=1736"}],"curies":[{"name":"wp","href":"https:\/\/api.w.org\/{rel}","templated":true}]}}