{"id":2022,"date":"2021-02-02T18:52:20","date_gmt":"2021-02-02T18:52:20","guid":{"rendered":"https:\/\/www.b-grc.com\/?page_id=2022"},"modified":"2021-02-02T21:17:03","modified_gmt":"2021-02-02T21:17:03","slug":"empleoqatester","status":"publish","type":"page","link":"https:\/\/www.b-grc.com\/index.php\/empleoqatester\/","title":{"rendered":"EMPLEOQATESTER"},"content":{"rendered":"\t\t<div data-elementor-type=\"wp-page\" data-elementor-id=\"2022\" class=\"elementor elementor-2022\" data-elementor-post-type=\"page\">\n\t\t\t\t\t\t<section class=\"elementor-section elementor-top-section elementor-element elementor-element-2369c1a7 elementor-section-stretched elementor-section-boxed elementor-section-height-default elementor-section-height-default\" data-id=\"2369c1a7\" data-element_type=\"section\" data-settings=\"{&quot;stretch_section&quot;:&quot;section-stretched&quot;}\">\n\t\t\t\t\t\t<div class=\"elementor-container elementor-column-gap-default\">\n\t\t\t\t\t<div class=\"elementor-column elementor-col-100 elementor-top-column elementor-element elementor-element-221f0899\" data-id=\"221f0899\" data-element_type=\"column\">\n\t\t\t<div class=\"elementor-widget-wrap elementor-element-populated\">\n\t\t\t\t\t\t<div class=\"elementor-element elementor-element-752a5b4f elementor-widget elementor-widget-heading\" data-id=\"752a5b4f\" data-element_type=\"widget\" data-widget_type=\"heading.default\">\n\t\t\t\t<div class=\"elementor-widget-container\">\n\t\t\t\t\t<h2 class=\"elementor-heading-title elementor-size-xl\">Empleo<\/h2>\t\t\t\t<\/div>\n\t\t\t\t<\/div>\n\t\t\t\t<div class=\"elementor-element elementor-element-8e9727a elementor-widget elementor-widget-heading\" data-id=\"8e9727a\" data-element_type=\"widget\" data-widget_type=\"heading.default\">\n\t\t\t\t<div class=\"elementor-widget-container\">\n\t\t\t\t\t<h2 class=\"elementor-heading-title elementor-size-default\">S\u00famate a nuestro equipo<\/h2>\t\t\t\t<\/div>\n\t\t\t\t<\/div>\n\t\t\t\t\t<\/div>\n\t\t<\/div>\n\t\t\t\t\t<\/div>\n\t\t<\/section>\n\t\t\t\t<section class=\"elementor-section elementor-top-section elementor-element elementor-element-fed5028 elementor-section-boxed elementor-section-height-default elementor-section-height-default\" data-id=\"fed5028\" data-element_type=\"section\">\n\t\t\t\t\t\t<div class=\"elementor-container elementor-column-gap-default\">\n\t\t\t\t\t<div class=\"elementor-column elementor-col-50 elementor-top-column elementor-element elementor-element-ffa8b3c\" data-id=\"ffa8b3c\" data-element_type=\"column\">\n\t\t\t<div class=\"elementor-widget-wrap elementor-element-populated\">\n\t\t\t\t\t\t<div class=\"elementor-element elementor-element-fab9246 elementor-widget elementor-widget-heading\" data-id=\"fab9246\" data-element_type=\"widget\" data-widget_type=\"heading.default\">\n\t\t\t\t<div class=\"elementor-widget-container\">\n\t\t\t\t\t<h2 class=\"elementor-heading-title elementor-size-default\">Analista QA Tester<\/h2>\t\t\t\t<\/div>\n\t\t\t\t<\/div>\n\t\t\t\t<div class=\"elementor-element elementor-element-deda2f3 elementor-widget elementor-widget-heading\" data-id=\"deda2f3\" data-element_type=\"widget\" data-widget_type=\"heading.default\">\n\t\t\t\t<div class=\"elementor-widget-container\">\n\t\t\t\t\t<h2 class=\"elementor-heading-title elementor-size-default\">Descripci\u00f3n del cargo\n<\/h2>\t\t\t\t<\/div>\n\t\t\t\t<\/div>\n\t\t\t\t<div class=\"elementor-element elementor-element-f8d8156 elementor-widget elementor-widget-text-editor\" data-id=\"f8d8156\" data-element_type=\"widget\" data-widget_type=\"text-editor.default\">\n\t\t\t\t<div class=\"elementor-widget-container\">\n\t\t\t\t\t\t\t\t\t<p>En B-GRC desarrollamos un Software as a Service (SaaS) para la gesti\u00f3n integral de los riesgos de nuestros clientes, pasando desde la estrategia organizacional hasta la auditor\u00eda interna. En este sentido siempre nos encontramos realizando mejoras y desarrollos nuevos de nuestros productos. Actualmente nos encontramos en b\u00fasqueda de un Tester QA, que sea capaz de crear y ejecutar pruebas autom\u00e1ticas.<\/p>\t\t\t\t\t\t\t\t<\/div>\n\t\t\t\t<\/div>\n\t\t\t\t<div class=\"elementor-element elementor-element-0ee571e elementor-widget elementor-widget-heading\" data-id=\"0ee571e\" data-element_type=\"widget\" data-widget_type=\"heading.default\">\n\t\t\t\t<div class=\"elementor-widget-container\">\n\t\t\t\t\t<h2 class=\"elementor-heading-title elementor-size-default\">Requisitos excluyentes del cargo\n\n<\/h2>\t\t\t\t<\/div>\n\t\t\t\t<\/div>\n\t\t\t\t<div class=\"elementor-element elementor-element-92acdf4 elementor-widget elementor-widget-text-editor\" data-id=\"92acdf4\" data-element_type=\"widget\" data-widget_type=\"text-editor.default\">\n\t\t\t\t<div class=\"elementor-widget-container\">\n\t\t\t\t\t\t\t\t\t<ul><li>Desde un a\u00f1o de experiencia en automatizaci\u00f3n de pruebas.<\/li><li>Conocimientos en lenguaje de programaci\u00f3n PHP, Javascript.<\/li><li>Conocimientos en bases de datos SQL.<\/li><li>Linux comandos b\u00e1sicos \/ intermedios.<\/li><li>Capacidad de autogesti\u00f3n y proactivo.<\/li><\/ul>\t\t\t\t\t\t\t\t<\/div>\n\t\t\t\t<\/div>\n\t\t\t\t<div class=\"elementor-element elementor-element-71742fb elementor-widget elementor-widget-heading\" data-id=\"71742fb\" data-element_type=\"widget\" data-widget_type=\"heading.default\">\n\t\t\t\t<div class=\"elementor-widget-container\">\n\t\t\t\t\t<h2 class=\"elementor-heading-title elementor-size-default\">Requisitos ideales\n<\/h2>\t\t\t\t<\/div>\n\t\t\t\t<\/div>\n\t\t\t\t<div class=\"elementor-element elementor-element-573c976 elementor-widget elementor-widget-text-editor\" data-id=\"573c976\" data-element_type=\"widget\" data-widget_type=\"text-editor.default\">\n\t\t\t\t<div class=\"elementor-widget-container\">\n\t\t\t\t\t\t\t\t\t<ul><li>M\u00e1s de 2 a\u00f1os de experiencia en Testing y automatizaci\u00f3n de pruebas.<\/li><li>Conocimientos\/Experiencia en desarrollo y testing en Laravel.<\/li><li>Conocimientos\/Experiencia en VueJS.<\/li><li>Experiencia herramientas en la nube (AWS).<\/li><li>Conocimientos en CI\/CD.<\/li><\/ul>\t\t\t\t\t\t\t\t<\/div>\n\t\t\t\t<\/div>\n\t\t\t\t\t<\/div>\n\t\t<\/div>\n\t\t\t\t<div class=\"elementor-column elementor-col-50 elementor-top-column elementor-element elementor-element-3296ce6\" data-id=\"3296ce6\" data-element_type=\"column\">\n\t\t\t<div class=\"elementor-widget-wrap elementor-element-populated\">\n\t\t\t\t\t\t<div class=\"elementor-element elementor-element-8477b14 elementor-widget elementor-widget-heading\" data-id=\"8477b14\" data-element_type=\"widget\" data-widget_type=\"heading.default\">\n\t\t\t\t<div class=\"elementor-widget-container\">\n\t\t\t\t\t<h2 class=\"elementor-heading-title elementor-size-default\">TRABAJO REMOTO\n<\/h2>\t\t\t\t<\/div>\n\t\t\t\t<\/div>\n\t\t\t\t<div class=\"elementor-element elementor-element-53065f0 elementor-widget elementor-widget-text-editor\" data-id=\"53065f0\" data-element_type=\"widget\" data-widget_type=\"text-editor.default\">\n\t\t\t\t<div class=\"elementor-widget-container\">\n\t\t\t\t\t\t\t\t\t<p style=\"text-align: right;\">Puedes trabajar 100% desde tu casa, est\u00e1 todo pensado para ello.<\/p>\t\t\t\t\t\t\t\t<\/div>\n\t\t\t\t<\/div>\n\t\t\t\t<div class=\"elementor-element elementor-element-c95d7e3 elementor-widget elementor-widget-heading\" data-id=\"c95d7e3\" data-element_type=\"widget\" data-widget_type=\"heading.default\">\n\t\t\t\t<div class=\"elementor-widget-container\">\n\t\t\t\t\t<h2 class=\"elementor-heading-title elementor-size-default\">VESTIMENTA CASUAL\n<\/h2>\t\t\t\t<\/div>\n\t\t\t\t<\/div>\n\t\t\t\t<div class=\"elementor-element elementor-element-cf34e01 elementor-widget elementor-widget-text-editor\" data-id=\"cf34e01\" data-element_type=\"widget\" data-widget_type=\"text-editor.default\">\n\t\t\t\t<div class=\"elementor-widget-container\">\n\t\t\t\t\t\t\t\t\t<p style=\"text-align: right;\">Puedes vestir con la ropa casual m\u00e1s linda y c\u00f3moda que tengas.<\/p>\t\t\t\t\t\t\t\t<\/div>\n\t\t\t\t<\/div>\n\t\t\t\t<div class=\"elementor-element elementor-element-9dc0025 elementor-widget elementor-widget-heading\" data-id=\"9dc0025\" data-element_type=\"widget\" data-widget_type=\"heading.default\">\n\t\t\t\t<div class=\"elementor-widget-container\">\n\t\t\t\t\t<h2 class=\"elementor-heading-title elementor-size-default\">TRABAJO X OBJETIVOS\n<\/h2>\t\t\t\t<\/div>\n\t\t\t\t<\/div>\n\t\t\t\t<div class=\"elementor-element elementor-element-647bf86 elementor-widget elementor-widget-text-editor\" data-id=\"647bf86\" data-element_type=\"widget\" data-widget_type=\"text-editor.default\">\n\t\t\t\t<div class=\"elementor-widget-container\">\n\t\t\t\t\t\t\t\t\t<p style=\"text-align: right;\">Puedes organizar tu tiempo seg\u00fan la planificaci\u00f3n con el equipo<\/p>\t\t\t\t\t\t\t\t<\/div>\n\t\t\t\t<\/div>\n\t\t\t\t<div class=\"elementor-element elementor-element-12c1eb7 elementor-widget elementor-widget-image\" data-id=\"12c1eb7\" data-element_type=\"widget\" data-widget_type=\"image.default\">\n\t\t\t\t<div class=\"elementor-widget-container\">\n\t\t\t\t\t\t\t\t\t\t\t\t\t\t\t<img fetchpriority=\"high\" decoding=\"async\" width=\"933\" height=\"694\" src=\"https:\/\/www.b-grc.com\/wp-content\/uploads\/2021\/02\/empleo-b-grc.png\" class=\"attachment-large size-large wp-image-2027\" alt=\"\" srcset=\"https:\/\/www.b-grc.com\/wp-content\/uploads\/2021\/02\/empleo-b-grc.png 933w, https:\/\/www.b-grc.com\/wp-content\/uploads\/2021\/02\/empleo-b-grc-600x446.png 600w, https:\/\/www.b-grc.com\/wp-content\/uploads\/2021\/02\/empleo-b-grc-300x223.png 300w, https:\/\/www.b-grc.com\/wp-content\/uploads\/2021\/02\/empleo-b-grc-768x571.png 768w\" sizes=\"(max-width: 933px) 100vw, 933px\" \/>\t\t\t\t\t\t\t\t\t\t\t\t\t\t\t<\/div>\n\t\t\t\t<\/div>\n\t\t\t\t\t<\/div>\n\t\t<\/div>\n\t\t\t\t\t<\/div>\n\t\t<\/section>\n\t\t\t\t<section class=\"elementor-section elementor-top-section elementor-element elementor-element-14b0e9b elementor-section-boxed elementor-section-height-default elementor-section-height-default\" data-id=\"14b0e9b\" data-element_type=\"section\">\n\t\t\t\t\t\t<div class=\"elementor-container elementor-column-gap-default\">\n\t\t\t\t\t<div class=\"elementor-column elementor-col-33 elementor-top-column elementor-element elementor-element-489033a\" data-id=\"489033a\" data-element_type=\"column\">\n\t\t\t<div class=\"elementor-widget-wrap elementor-element-populated\">\n\t\t\t\t\t\t<div class=\"elementor-element elementor-element-0171be8 elementor-widget elementor-widget-heading\" data-id=\"0171be8\" data-element_type=\"widget\" data-widget_type=\"heading.default\">\n\t\t\t\t<div class=\"elementor-widget-container\">\n\t\t\t\t\t<h2 class=\"elementor-heading-title elementor-size-default\">Cualquier Pa\u00eds de Latinoam\u00e9rica \n<\/h2>\t\t\t\t<\/div>\n\t\t\t\t<\/div>\n\t\t\t\t\t<\/div>\n\t\t<\/div>\n\t\t\t\t<div class=\"elementor-column elementor-col-33 elementor-top-column elementor-element elementor-element-c96b912\" data-id=\"c96b912\" data-element_type=\"column\">\n\t\t\t<div class=\"elementor-widget-wrap elementor-element-populated\">\n\t\t\t\t\t\t<div class=\"elementor-element elementor-element-e0af5f9 elementor-widget elementor-widget-heading\" data-id=\"e0af5f9\" data-element_type=\"widget\" data-widget_type=\"heading.default\">\n\t\t\t\t<div class=\"elementor-widget-container\">\n\t\t\t\t\t<h2 class=\"elementor-heading-title elementor-size-default\">Jornada Completa<\/h2>\t\t\t\t<\/div>\n\t\t\t\t<\/div>\n\t\t\t\t\t<\/div>\n\t\t<\/div>\n\t\t\t\t<div class=\"elementor-column elementor-col-33 elementor-top-column elementor-element elementor-element-6b3e4dd\" data-id=\"6b3e4dd\" data-element_type=\"column\">\n\t\t\t<div class=\"elementor-widget-wrap elementor-element-populated\">\n\t\t\t\t\t\t<div class=\"elementor-element elementor-element-427c6d4 elementor-widget elementor-widget-heading\" data-id=\"427c6d4\" data-element_type=\"widget\" data-widget_type=\"heading.default\">\n\t\t\t\t<div class=\"elementor-widget-container\">\n\t\t\t\t\t<h2 class=\"elementor-heading-title elementor-size-default\">Equilibrio Vida Trabajo<\/h2>\t\t\t\t<\/div>\n\t\t\t\t<\/div>\n\t\t\t\t\t<\/div>\n\t\t<\/div>\n\t\t\t\t\t<\/div>\n\t\t<\/section>\n\t\t\t\t<section class=\"elementor-section elementor-top-section elementor-element elementor-element-b8c8172 elementor-section-boxed elementor-section-height-default elementor-section-height-default\" data-id=\"b8c8172\" data-element_type=\"section\">\n\t\t\t\t\t\t<div class=\"elementor-container elementor-column-gap-default\">\n\t\t\t\t\t<div class=\"elementor-column elementor-col-100 elementor-top-column elementor-element elementor-element-9631d28\" data-id=\"9631d28\" data-element_type=\"column\">\n\t\t\t<div class=\"elementor-widget-wrap elementor-element-populated\">\n\t\t\t\t\t\t<div class=\"elementor-element elementor-element-1f6f186 elementor-widget elementor-widget-heading\" data-id=\"1f6f186\" data-element_type=\"widget\" data-widget_type=\"heading.default\">\n\t\t\t\t<div class=\"elementor-widget-container\">\n\t\t\t\t\t<h2 class=\"elementor-heading-title elementor-size-default\">Post\u00falate al cargo envi\u00e1ndonos tu informaci\u00f3n profesional al correo<br> CONTACTO@B-GRC.COM<\/h2>\t\t\t\t<\/div>\n\t\t\t\t<\/div>\n\t\t\t\t\t<\/div>\n\t\t<\/div>\n\t\t\t\t\t<\/div>\n\t\t<\/section>\n\t\t\t\t<\/div>\n\t\t","protected":false},"excerpt":{"rendered":"<p>Empleo S\u00famate a nuestro equipo Analista QA Tester Descripci\u00f3n del cargo En B-GRC desarrollamos un Software as a Service (SaaS) para la gesti\u00f3n integral de los riesgos de nuestros clientes, pasando desde la estrategia organizacional hasta la auditor\u00eda interna. En este sentido siempre nos encontramos realizando mejoras y desarrollos nuevos de nuestros productos. Actualmente nos [&hellip;]<\/p>\n","protected":false},"author":1,"featured_media":0,"parent":0,"menu_order":0,"comment_status":"closed","ping_status":"closed","template":"","meta":{"footnotes":""},"yoast_head":"<!-- This site is optimized with the Yoast SEO plugin v24.2 - https:\/\/yoast.com\/wordpress\/plugins\/seo\/ -->\n<title>EMPLEOQATESTER<\/title>\n<meta name=\"description\" content=\"Servicio de Software para Gerentes de Riesgos, Responsables de Cumplimiento y Auditores Internos.\" \/>\n<meta name=\"robots\" content=\"index, follow, max-snippet:-1, max-image-preview:large, max-video-preview:-1\" \/>\n<link rel=\"canonical\" href=\"https:\/\/www.b-grc.com\/index.php\/empleoqatester\/\" \/>\n<meta property=\"og:locale\" content=\"es_ES\" \/>\n<meta property=\"og:type\" content=\"article\" \/>\n<meta property=\"og:title\" content=\"EMPLEOQATESTER\" \/>\n<meta property=\"og:description\" content=\"Servicio de Software para Gerentes de Riesgos, Responsables de Cumplimiento y Auditores Internos.\" \/>\n<meta property=\"og:url\" content=\"https:\/\/www.b-grc.com\/index.php\/empleoqatester\/\" \/>\n<meta property=\"og:site_name\" content=\"B-GRC\" \/>\n<meta property=\"article:publisher\" content=\"https:\/\/www.facebook.com\/somosbgrc\" \/>\n<meta property=\"article:modified_time\" content=\"2021-02-02T21:17:03+00:00\" \/>\n<meta property=\"og:image\" content=\"https:\/\/www.b-grc.com\/wp-content\/uploads\/2021\/02\/empleo-b-grc.png\" \/>\n<meta name=\"twitter:card\" content=\"summary_large_image\" \/>\n<meta name=\"twitter:label1\" content=\"Tiempo de lectura\" \/>\n\t<meta name=\"twitter:data1\" content=\"1 minuto\" \/>\n<script type=\"application\/ld+json\" class=\"yoast-schema-graph\">{\"@context\":\"https:\/\/schema.org\",\"@graph\":[{\"@type\":\"WebPage\",\"@id\":\"https:\/\/www.b-grc.com\/index.php\/empleoqatester\/\",\"url\":\"https:\/\/www.b-grc.com\/index.php\/empleoqatester\/\",\"name\":\"EMPLEOQATESTER\",\"isPartOf\":{\"@id\":\"https:\/\/www.b-grc.com\/#website\"},\"primaryImageOfPage\":{\"@id\":\"https:\/\/www.b-grc.com\/index.php\/empleoqatester\/#primaryimage\"},\"image\":{\"@id\":\"https:\/\/www.b-grc.com\/index.php\/empleoqatester\/#primaryimage\"},\"thumbnailUrl\":\"https:\/\/www.b-grc.com\/wp-content\/uploads\/2021\/02\/empleo-b-grc.png\",\"datePublished\":\"2021-02-02T18:52:20+00:00\",\"dateModified\":\"2021-02-02T21:17:03+00:00\",\"description\":\"Servicio de Software para Gerentes de Riesgos, Responsables de Cumplimiento y Auditores Internos.\",\"breadcrumb\":{\"@id\":\"https:\/\/www.b-grc.com\/index.php\/empleoqatester\/#breadcrumb\"},\"inLanguage\":\"es\",\"potentialAction\":[{\"@type\":\"ReadAction\",\"target\":[\"https:\/\/www.b-grc.com\/index.php\/empleoqatester\/\"]}]},{\"@type\":\"ImageObject\",\"inLanguage\":\"es\",\"@id\":\"https:\/\/www.b-grc.com\/index.php\/empleoqatester\/#primaryimage\",\"url\":\"https:\/\/www.b-grc.com\/wp-content\/uploads\/2021\/02\/empleo-b-grc.png\",\"contentUrl\":\"https:\/\/www.b-grc.com\/wp-content\/uploads\/2021\/02\/empleo-b-grc.png\",\"width\":933,\"height\":694},{\"@type\":\"BreadcrumbList\",\"@id\":\"https:\/\/www.b-grc.com\/index.php\/empleoqatester\/#breadcrumb\",\"itemListElement\":[{\"@type\":\"ListItem\",\"position\":1,\"name\":\"Portada\",\"item\":\"https:\/\/www.b-grc.com\/\"},{\"@type\":\"ListItem\",\"position\":2,\"name\":\"EMPLEOQATESTER\"}]},{\"@type\":\"WebSite\",\"@id\":\"https:\/\/www.b-grc.com\/#website\",\"url\":\"https:\/\/www.b-grc.com\/\",\"name\":\"B-GRC\",\"description\":\"B-GRC Sistema de Riesgos, Cumplimiento y Auditor\u00eda\",\"publisher\":{\"@id\":\"https:\/\/www.b-grc.com\/#organization\"},\"alternateName\":\"B-GRC\",\"potentialAction\":[{\"@type\":\"SearchAction\",\"target\":{\"@type\":\"EntryPoint\",\"urlTemplate\":\"https:\/\/www.b-grc.com\/?s={search_term_string}\"},\"query-input\":{\"@type\":\"PropertyValueSpecification\",\"valueRequired\":true,\"valueName\":\"search_term_string\"}}],\"inLanguage\":\"es\"},{\"@type\":\"Organization\",\"@id\":\"https:\/\/www.b-grc.com\/#organization\",\"name\":\"B-GRC\",\"url\":\"https:\/\/www.b-grc.com\/\",\"logo\":{\"@type\":\"ImageObject\",\"inLanguage\":\"es\",\"@id\":\"https:\/\/www.b-grc.com\/#\/schema\/logo\/image\/\",\"url\":\"https:\/\/www.b-grc.com\/wp-content\/uploads\/2022\/08\/cropped-cropped-cropped-cropped-L3.png\",\"contentUrl\":\"https:\/\/www.b-grc.com\/wp-content\/uploads\/2022\/08\/cropped-cropped-cropped-cropped-L3.png\",\"width\":1677,\"height\":656,\"caption\":\"B-GRC\"},\"image\":{\"@id\":\"https:\/\/www.b-grc.com\/#\/schema\/logo\/image\/\"},\"sameAs\":[\"https:\/\/www.facebook.com\/somosbgrc\",\"https:\/\/www.linkedin.com\/company\/somosbgrc\",\"https:\/\/www.instagram.com\/somosbgrc\/\",\"https:\/\/www.youtube.com\/@somosb-grc\"]}]}<\/script>\n<!-- \/ Yoast SEO plugin. -->","yoast_head_json":{"title":"EMPLEOQATESTER","description":"Servicio de Software para Gerentes de Riesgos, Responsables de Cumplimiento y Auditores Internos.","robots":{"index":"index","follow":"follow","max-snippet":"max-snippet:-1","max-image-preview":"max-image-preview:large","max-video-preview":"max-video-preview:-1"},"canonical":"https:\/\/www.b-grc.com\/index.php\/empleoqatester\/","og_locale":"es_ES","og_type":"article","og_title":"EMPLEOQATESTER","og_description":"Servicio de Software para Gerentes de Riesgos, Responsables de Cumplimiento y Auditores Internos.","og_url":"https:\/\/www.b-grc.com\/index.php\/empleoqatester\/","og_site_name":"B-GRC","article_publisher":"https:\/\/www.facebook.com\/somosbgrc","article_modified_time":"2021-02-02T21:17:03+00:00","og_image":[{"url":"https:\/\/www.b-grc.com\/wp-content\/uploads\/2021\/02\/empleo-b-grc.png","type":"","width":"","height":""}],"twitter_card":"summary_large_image","twitter_misc":{"Tiempo de lectura":"1 minuto"},"schema":{"@context":"https:\/\/schema.org","@graph":[{"@type":"WebPage","@id":"https:\/\/www.b-grc.com\/index.php\/empleoqatester\/","url":"https:\/\/www.b-grc.com\/index.php\/empleoqatester\/","name":"EMPLEOQATESTER","isPartOf":{"@id":"https:\/\/www.b-grc.com\/#website"},"primaryImageOfPage":{"@id":"https:\/\/www.b-grc.com\/index.php\/empleoqatester\/#primaryimage"},"image":{"@id":"https:\/\/www.b-grc.com\/index.php\/empleoqatester\/#primaryimage"},"thumbnailUrl":"https:\/\/www.b-grc.com\/wp-content\/uploads\/2021\/02\/empleo-b-grc.png","datePublished":"2021-02-02T18:52:20+00:00","dateModified":"2021-02-02T21:17:03+00:00","description":"Servicio de Software para Gerentes de Riesgos, Responsables de Cumplimiento y Auditores Internos.","breadcrumb":{"@id":"https:\/\/www.b-grc.com\/index.php\/empleoqatester\/#breadcrumb"},"inLanguage":"es","potentialAction":[{"@type":"ReadAction","target":["https:\/\/www.b-grc.com\/index.php\/empleoqatester\/"]}]},{"@type":"ImageObject","inLanguage":"es","@id":"https:\/\/www.b-grc.com\/index.php\/empleoqatester\/#primaryimage","url":"https:\/\/www.b-grc.com\/wp-content\/uploads\/2021\/02\/empleo-b-grc.png","contentUrl":"https:\/\/www.b-grc.com\/wp-content\/uploads\/2021\/02\/empleo-b-grc.png","width":933,"height":694},{"@type":"BreadcrumbList","@id":"https:\/\/www.b-grc.com\/index.php\/empleoqatester\/#breadcrumb","itemListElement":[{"@type":"ListItem","position":1,"name":"Portada","item":"https:\/\/www.b-grc.com\/"},{"@type":"ListItem","position":2,"name":"EMPLEOQATESTER"}]},{"@type":"WebSite","@id":"https:\/\/www.b-grc.com\/#website","url":"https:\/\/www.b-grc.com\/","name":"B-GRC","description":"B-GRC Sistema de Riesgos, Cumplimiento y Auditor\u00eda","publisher":{"@id":"https:\/\/www.b-grc.com\/#organization"},"alternateName":"B-GRC","potentialAction":[{"@type":"SearchAction","target":{"@type":"EntryPoint","urlTemplate":"https:\/\/www.b-grc.com\/?s={search_term_string}"},"query-input":{"@type":"PropertyValueSpecification","valueRequired":true,"valueName":"search_term_string"}}],"inLanguage":"es"},{"@type":"Organization","@id":"https:\/\/www.b-grc.com\/#organization","name":"B-GRC","url":"https:\/\/www.b-grc.com\/","logo":{"@type":"ImageObject","inLanguage":"es","@id":"https:\/\/www.b-grc.com\/#\/schema\/logo\/image\/","url":"https:\/\/www.b-grc.com\/wp-content\/uploads\/2022\/08\/cropped-cropped-cropped-cropped-L3.png","contentUrl":"https:\/\/www.b-grc.com\/wp-content\/uploads\/2022\/08\/cropped-cropped-cropped-cropped-L3.png","width":1677,"height":656,"caption":"B-GRC"},"image":{"@id":"https:\/\/www.b-grc.com\/#\/schema\/logo\/image\/"},"sameAs":["https:\/\/www.facebook.com\/somosbgrc","https:\/\/www.linkedin.com\/company\/somosbgrc","https:\/\/www.instagram.com\/somosbgrc\/","https:\/\/www.youtube.com\/@somosb-grc"]}]}},"_links":{"self":[{"href":"https:\/\/www.b-grc.com\/index.php\/wp-json\/wp\/v2\/pages\/2022"}],"collection":[{"href":"https:\/\/www.b-grc.com\/index.php\/wp-json\/wp\/v2\/pages"}],"about":[{"href":"https:\/\/www.b-grc.com\/index.php\/wp-json\/wp\/v2\/types\/page"}],"author":[{"embeddable":true,"href":"https:\/\/www.b-grc.com\/index.php\/wp-json\/wp\/v2\/users\/1"}],"replies":[{"embeddable":true,"href":"https:\/\/www.b-grc.com\/index.php\/wp-json\/wp\/v2\/comments?post=2022"}],"version-history":[{"count":20,"href":"https:\/\/www.b-grc.com\/index.php\/wp-json\/wp\/v2\/pages\/2022\/revisions"}],"predecessor-version":[{"id":2085,"href":"https:\/\/www.b-grc.com\/index.php\/wp-json\/wp\/v2\/pages\/2022\/revisions\/2085"}],"wp:attachment":[{"href":"https:\/\/www.b-grc.com\/index.php\/wp-json\/wp\/v2\/media?parent=2022"}],"curies":[{"name":"wp","href":"https:\/\/api.w.org\/{rel}","templated":true}]}}