{"id":8991,"date":"2024-04-02T20:21:23","date_gmt":"2024-04-02T20:21:23","guid":{"rendered":"https:\/\/www.b-grc.com\/?page_id=8991"},"modified":"2024-07-11T18:57:45","modified_gmt":"2024-07-11T18:57:45","slug":"2024-landing-agradecimiento-contacto","status":"publish","type":"page","link":"https:\/\/www.b-grc.com\/index.php\/2024-landing-agradecimiento-contacto\/","title":{"rendered":"2024 Landing agradecimiento contacto"},"content":{"rendered":"\t\t<div data-elementor-type=\"wp-page\" data-elementor-id=\"8991\" class=\"elementor elementor-8991\" data-elementor-post-type=\"page\">\n\t\t\t\t\t\t<section class=\"elementor-section elementor-top-section elementor-element elementor-element-13d8391 elementor-section-full_width elementor-section-height-min-height elementor-section-stretched elementor-section-height-default elementor-section-items-middle\" data-id=\"13d8391\" data-element_type=\"section\" data-settings=\"{&quot;stretch_section&quot;:&quot;section-stretched&quot;}\">\n\t\t\t\t\t\t\t<div class=\"elementor-background-overlay\"><\/div>\n\t\t\t\t\t\t\t<div class=\"elementor-container elementor-column-gap-default\">\n\t\t\t\t\t<div class=\"elementor-column elementor-col-100 elementor-top-column elementor-element elementor-element-fe4eab7\" data-id=\"fe4eab7\" data-element_type=\"column\">\n\t\t\t<div class=\"elementor-widget-wrap elementor-element-populated\">\n\t\t\t\t\t\t<div class=\"elementor-element elementor-element-9c535ce elementor-widget elementor-widget-image\" data-id=\"9c535ce\" data-element_type=\"widget\" data-widget_type=\"image.default\">\n\t\t\t\t<div class=\"elementor-widget-container\">\n\t\t\t\t\t\t\t\t\t\t\t\t\t\t\t<img fetchpriority=\"high\" decoding=\"async\" width=\"1024\" height=\"422\" src=\"https:\/\/www.b-grc.com\/wp-content\/uploads\/2024\/07\/L3-1-1024x422.png\" class=\"attachment-large size-large wp-image-14547\" alt=\"\" srcset=\"https:\/\/www.b-grc.com\/wp-content\/uploads\/2024\/07\/L3-1-1024x422.png 1024w, https:\/\/www.b-grc.com\/wp-content\/uploads\/2024\/07\/L3-1-600x247.png 600w, https:\/\/www.b-grc.com\/wp-content\/uploads\/2024\/07\/L3-1-300x124.png 300w, https:\/\/www.b-grc.com\/wp-content\/uploads\/2024\/07\/L3-1-768x316.png 768w, https:\/\/www.b-grc.com\/wp-content\/uploads\/2024\/07\/L3-1-100x41.png 100w, https:\/\/www.b-grc.com\/wp-content\/uploads\/2024\/07\/L3-1-1536x633.png 1536w, https:\/\/www.b-grc.com\/wp-content\/uploads\/2024\/07\/L3-1.png 2000w\" sizes=\"(max-width: 1024px) 100vw, 1024px\" \/>\t\t\t\t\t\t\t\t\t\t\t\t\t\t\t<\/div>\n\t\t\t\t<\/div>\n\t\t\t\t<div class=\"elementor-element elementor-element-f4fe696 elementor-widget elementor-widget-heading\" data-id=\"f4fe696\" data-element_type=\"widget\" data-widget_type=\"heading.default\">\n\t\t\t\t<div class=\"elementor-widget-container\">\n\t\t\t\t\t<h2 class=\"elementor-heading-title elementor-size-default\">Gracias por contactarnos, a la brevedad estaremos envi\u00e1ndote un email para coordinar una reuni\u00f3n virtual.<\/h2>\t\t\t\t<\/div>\n\t\t\t\t<\/div>\n\t\t\t\t\t<\/div>\n\t\t<\/div>\n\t\t\t\t\t<\/div>\n\t\t<\/section>\n\t\t\t\t<section class=\"elementor-section elementor-top-section elementor-element elementor-element-881b4ac elementor-section-boxed elementor-section-height-default elementor-section-height-default\" data-id=\"881b4ac\" data-element_type=\"section\">\n\t\t\t\t\t\t<div class=\"elementor-container elementor-column-gap-default\">\n\t\t\t\t\t<div class=\"elementor-column elementor-col-16 elementor-top-column elementor-element elementor-element-7b1d535\" data-id=\"7b1d535\" data-element_type=\"column\">\n\t\t\t<div class=\"elementor-widget-wrap elementor-element-populated\">\n\t\t\t\t\t\t<div class=\"elementor-element elementor-element-140dafa elementor-align-center elementor-widget elementor-widget-button\" data-id=\"140dafa\" data-element_type=\"widget\" data-widget_type=\"button.default\">\n\t\t\t\t<div class=\"elementor-widget-container\">\n\t\t\t\t\t\t\t\t\t<div class=\"elementor-button-wrapper\">\n\t\t\t\t\t<a class=\"elementor-button elementor-button-link elementor-size-md\" href=\"https:\/\/www.b-grc.com\/\">\n\t\t\t\t\t\t<span class=\"elementor-button-content-wrapper\">\n\t\t\t\t\t\t\t\t\t<span class=\"elementor-button-text\">Volver al Home<\/span>\n\t\t\t\t\t<\/span>\n\t\t\t\t\t<\/a>\n\t\t\t\t<\/div>\n\t\t\t\t\t\t\t\t<\/div>\n\t\t\t\t<\/div>\n\t\t\t\t\t<\/div>\n\t\t<\/div>\n\t\t\t\t<div class=\"elementor-column elementor-col-16 elementor-top-column elementor-element elementor-element-fabcf93\" data-id=\"fabcf93\" data-element_type=\"column\">\n\t\t\t<div class=\"elementor-widget-wrap elementor-element-populated\">\n\t\t\t\t\t\t<div class=\"elementor-element elementor-element-0e8abe9 elementor-align-center elementor-widget elementor-widget-button\" data-id=\"0e8abe9\" data-element_type=\"widget\" data-widget_type=\"button.default\">\n\t\t\t\t<div class=\"elementor-widget-container\">\n\t\t\t\t\t\t\t\t\t<div class=\"elementor-button-wrapper\">\n\t\t\t\t\t<a class=\"elementor-button elementor-button-link elementor-size-md\" href=\"https:\/\/www.b-grc.com\/index.php\/gestion-de-riesgos\/\">\n\t\t\t\t\t\t<span class=\"elementor-button-content-wrapper\">\n\t\t\t\t\t\t\t\t\t<span class=\"elementor-button-text\">Riesgos<\/span>\n\t\t\t\t\t<\/span>\n\t\t\t\t\t<\/a>\n\t\t\t\t<\/div>\n\t\t\t\t\t\t\t\t<\/div>\n\t\t\t\t<\/div>\n\t\t\t\t\t<\/div>\n\t\t<\/div>\n\t\t\t\t<div class=\"elementor-column elementor-col-16 elementor-top-column elementor-element elementor-element-13dd90c\" data-id=\"13dd90c\" data-element_type=\"column\">\n\t\t\t<div class=\"elementor-widget-wrap elementor-element-populated\">\n\t\t\t\t\t\t<div class=\"elementor-element elementor-element-fee1d50 elementor-align-center elementor-widget elementor-widget-button\" data-id=\"fee1d50\" data-element_type=\"widget\" data-widget_type=\"button.default\">\n\t\t\t\t<div class=\"elementor-widget-container\">\n\t\t\t\t\t\t\t\t\t<div class=\"elementor-button-wrapper\">\n\t\t\t\t\t<a class=\"elementor-button elementor-button-link elementor-size-md\" href=\"https:\/\/www.b-grc.com\/index.php\/2024-landing-cumplimiento\/\">\n\t\t\t\t\t\t<span class=\"elementor-button-content-wrapper\">\n\t\t\t\t\t\t\t\t\t<span class=\"elementor-button-text\">Cumplimiento<\/span>\n\t\t\t\t\t<\/span>\n\t\t\t\t\t<\/a>\n\t\t\t\t<\/div>\n\t\t\t\t\t\t\t\t<\/div>\n\t\t\t\t<\/div>\n\t\t\t\t\t<\/div>\n\t\t<\/div>\n\t\t\t\t<div class=\"elementor-column elementor-col-16 elementor-top-column elementor-element elementor-element-f79d40c\" data-id=\"f79d40c\" data-element_type=\"column\">\n\t\t\t<div class=\"elementor-widget-wrap elementor-element-populated\">\n\t\t\t\t\t\t<div class=\"elementor-element elementor-element-03ee0d7 elementor-align-center elementor-widget elementor-widget-button\" data-id=\"03ee0d7\" data-element_type=\"widget\" data-widget_type=\"button.default\">\n\t\t\t\t<div class=\"elementor-widget-container\">\n\t\t\t\t\t\t\t\t\t<div class=\"elementor-button-wrapper\">\n\t\t\t\t\t<a class=\"elementor-button elementor-button-link elementor-size-md\" href=\"https:\/\/www.b-grc.com\/index.php\/auditoriainterna\/\">\n\t\t\t\t\t\t<span class=\"elementor-button-content-wrapper\">\n\t\t\t\t\t\t\t\t\t<span class=\"elementor-button-text\">Auditor\u00eda<\/span>\n\t\t\t\t\t<\/span>\n\t\t\t\t\t<\/a>\n\t\t\t\t<\/div>\n\t\t\t\t\t\t\t\t<\/div>\n\t\t\t\t<\/div>\n\t\t\t\t\t<\/div>\n\t\t<\/div>\n\t\t\t\t<div class=\"elementor-column elementor-col-16 elementor-top-column elementor-element elementor-element-4390c82\" data-id=\"4390c82\" data-element_type=\"column\">\n\t\t\t<div class=\"elementor-widget-wrap elementor-element-populated\">\n\t\t\t\t\t\t<div class=\"elementor-element elementor-element-98a86ff elementor-align-center elementor-widget elementor-widget-button\" data-id=\"98a86ff\" data-element_type=\"widget\" data-widget_type=\"button.default\">\n\t\t\t\t<div class=\"elementor-widget-container\">\n\t\t\t\t\t\t\t\t\t<div class=\"elementor-button-wrapper\">\n\t\t\t\t\t<a class=\"elementor-button elementor-button-link elementor-size-md\" href=\"https:\/\/www.b-grc.com\/index.php\/sistemadedenuncias\/\">\n\t\t\t\t\t\t<span class=\"elementor-button-content-wrapper\">\n\t\t\t\t\t\t\t\t\t<span class=\"elementor-button-text\">Denuncias<\/span>\n\t\t\t\t\t<\/span>\n\t\t\t\t\t<\/a>\n\t\t\t\t<\/div>\n\t\t\t\t\t\t\t\t<\/div>\n\t\t\t\t<\/div>\n\t\t\t\t\t<\/div>\n\t\t<\/div>\n\t\t\t\t<div class=\"elementor-column elementor-col-16 elementor-top-column elementor-element elementor-element-4975d7c\" data-id=\"4975d7c\" data-element_type=\"column\">\n\t\t\t<div class=\"elementor-widget-wrap elementor-element-populated\">\n\t\t\t\t\t\t<div class=\"elementor-element elementor-element-8f73026 elementor-align-center elementor-widget elementor-widget-button\" data-id=\"8f73026\" data-element_type=\"widget\" data-widget_type=\"button.default\">\n\t\t\t\t<div class=\"elementor-widget-container\">\n\t\t\t\t\t\t\t\t\t<div class=\"elementor-button-wrapper\">\n\t\t\t\t\t<a class=\"elementor-button elementor-button-link elementor-size-md\" href=\"https:\/\/www.b-grc.com\/index.php\/somos-b-grc\/\">\n\t\t\t\t\t\t<span class=\"elementor-button-content-wrapper\">\n\t\t\t\t\t\t\t\t\t<span class=\"elementor-button-text\">Compa\u00f1ia<\/span>\n\t\t\t\t\t<\/span>\n\t\t\t\t\t<\/a>\n\t\t\t\t<\/div>\n\t\t\t\t\t\t\t\t<\/div>\n\t\t\t\t<\/div>\n\t\t\t\t\t<\/div>\n\t\t<\/div>\n\t\t\t\t\t<\/div>\n\t\t<\/section>\n\t\t\t\t<\/div>\n\t\t","protected":false},"excerpt":{"rendered":"<p>Gracias por contactarnos, a la brevedad estaremos envi\u00e1ndote un email para coordinar una reuni\u00f3n virtual. Volver al Home Riesgos Cumplimiento Auditor\u00eda Denuncias Compa\u00f1ia<\/p>\n","protected":false},"author":1,"featured_media":0,"parent":0,"menu_order":0,"comment_status":"closed","ping_status":"closed","template":"","meta":{"footnotes":""},"yoast_head":"<!-- This site is optimized with the Yoast SEO plugin v24.2 - https:\/\/yoast.com\/wordpress\/plugins\/seo\/ -->\n<title>2024 Landing agradecimiento contacto<\/title>\n<meta name=\"description\" content=\"Servicio de Software para Gerentes de Riesgos, Responsables de Cumplimiento y Auditores Internos.\" \/>\n<meta name=\"robots\" content=\"index, follow, max-snippet:-1, max-image-preview:large, max-video-preview:-1\" \/>\n<link rel=\"canonical\" href=\"https:\/\/www.b-grc.com\/index.php\/2024-landing-agradecimiento-contacto\/\" \/>\n<meta property=\"og:locale\" content=\"es_ES\" \/>\n<meta property=\"og:type\" content=\"article\" \/>\n<meta property=\"og:title\" content=\"2024 Landing agradecimiento contacto\" \/>\n<meta property=\"og:description\" content=\"Servicio de Software para Gerentes de Riesgos, Responsables de Cumplimiento y Auditores Internos.\" \/>\n<meta property=\"og:url\" content=\"https:\/\/www.b-grc.com\/index.php\/2024-landing-agradecimiento-contacto\/\" \/>\n<meta property=\"og:site_name\" content=\"B-GRC\" \/>\n<meta property=\"article:publisher\" content=\"https:\/\/www.facebook.com\/somosbgrc\" \/>\n<meta property=\"article:modified_time\" content=\"2024-07-11T18:57:45+00:00\" \/>\n<meta property=\"og:image\" content=\"https:\/\/www.b-grc.com\/wp-content\/uploads\/2024\/07\/L3-1-1024x422.png\" \/>\n<meta name=\"twitter:card\" content=\"summary_large_image\" \/>\n<meta name=\"twitter:label1\" content=\"Tiempo de lectura\" \/>\n\t<meta name=\"twitter:data1\" content=\"1 minuto\" \/>\n<script type=\"application\/ld+json\" class=\"yoast-schema-graph\">{\"@context\":\"https:\/\/schema.org\",\"@graph\":[{\"@type\":\"WebPage\",\"@id\":\"https:\/\/www.b-grc.com\/index.php\/2024-landing-agradecimiento-contacto\/\",\"url\":\"https:\/\/www.b-grc.com\/index.php\/2024-landing-agradecimiento-contacto\/\",\"name\":\"2024 Landing agradecimiento contacto\",\"isPartOf\":{\"@id\":\"https:\/\/www.b-grc.com\/#website\"},\"primaryImageOfPage\":{\"@id\":\"https:\/\/www.b-grc.com\/index.php\/2024-landing-agradecimiento-contacto\/#primaryimage\"},\"image\":{\"@id\":\"https:\/\/www.b-grc.com\/index.php\/2024-landing-agradecimiento-contacto\/#primaryimage\"},\"thumbnailUrl\":\"https:\/\/www.b-grc.com\/wp-content\/uploads\/2024\/07\/L3-1-1024x422.png\",\"datePublished\":\"2024-04-02T20:21:23+00:00\",\"dateModified\":\"2024-07-11T18:57:45+00:00\",\"description\":\"Servicio de Software para Gerentes de Riesgos, Responsables de Cumplimiento y Auditores Internos.\",\"breadcrumb\":{\"@id\":\"https:\/\/www.b-grc.com\/index.php\/2024-landing-agradecimiento-contacto\/#breadcrumb\"},\"inLanguage\":\"es\",\"potentialAction\":[{\"@type\":\"ReadAction\",\"target\":[\"https:\/\/www.b-grc.com\/index.php\/2024-landing-agradecimiento-contacto\/\"]}]},{\"@type\":\"ImageObject\",\"inLanguage\":\"es\",\"@id\":\"https:\/\/www.b-grc.com\/index.php\/2024-landing-agradecimiento-contacto\/#primaryimage\",\"url\":\"https:\/\/www.b-grc.com\/wp-content\/uploads\/2024\/07\/L3-1.png\",\"contentUrl\":\"https:\/\/www.b-grc.com\/wp-content\/uploads\/2024\/07\/L3-1.png\",\"width\":2000,\"height\":824},{\"@type\":\"BreadcrumbList\",\"@id\":\"https:\/\/www.b-grc.com\/index.php\/2024-landing-agradecimiento-contacto\/#breadcrumb\",\"itemListElement\":[{\"@type\":\"ListItem\",\"position\":1,\"name\":\"Portada\",\"item\":\"https:\/\/www.b-grc.com\/\"},{\"@type\":\"ListItem\",\"position\":2,\"name\":\"2024 Landing agradecimiento contacto\"}]},{\"@type\":\"WebSite\",\"@id\":\"https:\/\/www.b-grc.com\/#website\",\"url\":\"https:\/\/www.b-grc.com\/\",\"name\":\"B-GRC\",\"description\":\"B-GRC Sistema de Riesgos, Cumplimiento y Auditor\u00eda\",\"publisher\":{\"@id\":\"https:\/\/www.b-grc.com\/#organization\"},\"alternateName\":\"B-GRC\",\"potentialAction\":[{\"@type\":\"SearchAction\",\"target\":{\"@type\":\"EntryPoint\",\"urlTemplate\":\"https:\/\/www.b-grc.com\/?s={search_term_string}\"},\"query-input\":{\"@type\":\"PropertyValueSpecification\",\"valueRequired\":true,\"valueName\":\"search_term_string\"}}],\"inLanguage\":\"es\"},{\"@type\":\"Organization\",\"@id\":\"https:\/\/www.b-grc.com\/#organization\",\"name\":\"B-GRC\",\"url\":\"https:\/\/www.b-grc.com\/\",\"logo\":{\"@type\":\"ImageObject\",\"inLanguage\":\"es\",\"@id\":\"https:\/\/www.b-grc.com\/#\/schema\/logo\/image\/\",\"url\":\"https:\/\/www.b-grc.com\/wp-content\/uploads\/2022\/08\/cropped-cropped-cropped-cropped-L3.png\",\"contentUrl\":\"https:\/\/www.b-grc.com\/wp-content\/uploads\/2022\/08\/cropped-cropped-cropped-cropped-L3.png\",\"width\":1677,\"height\":656,\"caption\":\"B-GRC\"},\"image\":{\"@id\":\"https:\/\/www.b-grc.com\/#\/schema\/logo\/image\/\"},\"sameAs\":[\"https:\/\/www.facebook.com\/somosbgrc\",\"https:\/\/www.linkedin.com\/company\/somosbgrc\",\"https:\/\/www.instagram.com\/somosbgrc\/\",\"https:\/\/www.youtube.com\/@somosb-grc\"]}]}<\/script>\n<!-- \/ Yoast SEO plugin. -->","yoast_head_json":{"title":"2024 Landing agradecimiento contacto","description":"Servicio de Software para Gerentes de Riesgos, Responsables de Cumplimiento y Auditores Internos.","robots":{"index":"index","follow":"follow","max-snippet":"max-snippet:-1","max-image-preview":"max-image-preview:large","max-video-preview":"max-video-preview:-1"},"canonical":"https:\/\/www.b-grc.com\/index.php\/2024-landing-agradecimiento-contacto\/","og_locale":"es_ES","og_type":"article","og_title":"2024 Landing agradecimiento contacto","og_description":"Servicio de Software para Gerentes de Riesgos, Responsables de Cumplimiento y Auditores Internos.","og_url":"https:\/\/www.b-grc.com\/index.php\/2024-landing-agradecimiento-contacto\/","og_site_name":"B-GRC","article_publisher":"https:\/\/www.facebook.com\/somosbgrc","article_modified_time":"2024-07-11T18:57:45+00:00","og_image":[{"url":"https:\/\/www.b-grc.com\/wp-content\/uploads\/2024\/07\/L3-1-1024x422.png","type":"","width":"","height":""}],"twitter_card":"summary_large_image","twitter_misc":{"Tiempo de lectura":"1 minuto"},"schema":{"@context":"https:\/\/schema.org","@graph":[{"@type":"WebPage","@id":"https:\/\/www.b-grc.com\/index.php\/2024-landing-agradecimiento-contacto\/","url":"https:\/\/www.b-grc.com\/index.php\/2024-landing-agradecimiento-contacto\/","name":"2024 Landing agradecimiento contacto","isPartOf":{"@id":"https:\/\/www.b-grc.com\/#website"},"primaryImageOfPage":{"@id":"https:\/\/www.b-grc.com\/index.php\/2024-landing-agradecimiento-contacto\/#primaryimage"},"image":{"@id":"https:\/\/www.b-grc.com\/index.php\/2024-landing-agradecimiento-contacto\/#primaryimage"},"thumbnailUrl":"https:\/\/www.b-grc.com\/wp-content\/uploads\/2024\/07\/L3-1-1024x422.png","datePublished":"2024-04-02T20:21:23+00:00","dateModified":"2024-07-11T18:57:45+00:00","description":"Servicio de Software para Gerentes de Riesgos, Responsables de Cumplimiento y Auditores Internos.","breadcrumb":{"@id":"https:\/\/www.b-grc.com\/index.php\/2024-landing-agradecimiento-contacto\/#breadcrumb"},"inLanguage":"es","potentialAction":[{"@type":"ReadAction","target":["https:\/\/www.b-grc.com\/index.php\/2024-landing-agradecimiento-contacto\/"]}]},{"@type":"ImageObject","inLanguage":"es","@id":"https:\/\/www.b-grc.com\/index.php\/2024-landing-agradecimiento-contacto\/#primaryimage","url":"https:\/\/www.b-grc.com\/wp-content\/uploads\/2024\/07\/L3-1.png","contentUrl":"https:\/\/www.b-grc.com\/wp-content\/uploads\/2024\/07\/L3-1.png","width":2000,"height":824},{"@type":"BreadcrumbList","@id":"https:\/\/www.b-grc.com\/index.php\/2024-landing-agradecimiento-contacto\/#breadcrumb","itemListElement":[{"@type":"ListItem","position":1,"name":"Portada","item":"https:\/\/www.b-grc.com\/"},{"@type":"ListItem","position":2,"name":"2024 Landing agradecimiento contacto"}]},{"@type":"WebSite","@id":"https:\/\/www.b-grc.com\/#website","url":"https:\/\/www.b-grc.com\/","name":"B-GRC","description":"B-GRC Sistema de Riesgos, Cumplimiento y Auditor\u00eda","publisher":{"@id":"https:\/\/www.b-grc.com\/#organization"},"alternateName":"B-GRC","potentialAction":[{"@type":"SearchAction","target":{"@type":"EntryPoint","urlTemplate":"https:\/\/www.b-grc.com\/?s={search_term_string}"},"query-input":{"@type":"PropertyValueSpecification","valueRequired":true,"valueName":"search_term_string"}}],"inLanguage":"es"},{"@type":"Organization","@id":"https:\/\/www.b-grc.com\/#organization","name":"B-GRC","url":"https:\/\/www.b-grc.com\/","logo":{"@type":"ImageObject","inLanguage":"es","@id":"https:\/\/www.b-grc.com\/#\/schema\/logo\/image\/","url":"https:\/\/www.b-grc.com\/wp-content\/uploads\/2022\/08\/cropped-cropped-cropped-cropped-L3.png","contentUrl":"https:\/\/www.b-grc.com\/wp-content\/uploads\/2022\/08\/cropped-cropped-cropped-cropped-L3.png","width":1677,"height":656,"caption":"B-GRC"},"image":{"@id":"https:\/\/www.b-grc.com\/#\/schema\/logo\/image\/"},"sameAs":["https:\/\/www.facebook.com\/somosbgrc","https:\/\/www.linkedin.com\/company\/somosbgrc","https:\/\/www.instagram.com\/somosbgrc\/","https:\/\/www.youtube.com\/@somosb-grc"]}]}},"_links":{"self":[{"href":"https:\/\/www.b-grc.com\/index.php\/wp-json\/wp\/v2\/pages\/8991"}],"collection":[{"href":"https:\/\/www.b-grc.com\/index.php\/wp-json\/wp\/v2\/pages"}],"about":[{"href":"https:\/\/www.b-grc.com\/index.php\/wp-json\/wp\/v2\/types\/page"}],"author":[{"embeddable":true,"href":"https:\/\/www.b-grc.com\/index.php\/wp-json\/wp\/v2\/users\/1"}],"replies":[{"embeddable":true,"href":"https:\/\/www.b-grc.com\/index.php\/wp-json\/wp\/v2\/comments?post=8991"}],"version-history":[{"count":26,"href":"https:\/\/www.b-grc.com\/index.php\/wp-json\/wp\/v2\/pages\/8991\/revisions"}],"predecessor-version":[{"id":14556,"href":"https:\/\/www.b-grc.com\/index.php\/wp-json\/wp\/v2\/pages\/8991\/revisions\/14556"}],"wp:attachment":[{"href":"https:\/\/www.b-grc.com\/index.php\/wp-json\/wp\/v2\/media?parent=8991"}],"curies":[{"name":"wp","href":"https:\/\/api.w.org\/{rel}","templated":true}]}}